{"id":9,"date":"2025-05-23T10:23:38","date_gmt":"2025-05-23T10:23:38","guid":{"rendered":"https:\/\/urkijocar.rkinformatika.online\/?page_id=9"},"modified":"2025-06-05T08:29:24","modified_gmt":"2025-06-05T08:29:24","slug":"inicio","status":"publish","type":"page","link":"https:\/\/urkijocar.es\/eu\/","title":{"rendered":"Hasiera"},"content":{"rendered":"<div data-elementor-type=\"wp-page\" data-elementor-id=\"9\" class=\"elementor elementor-9\" data-elementor-post-type=\"page\">\n\t\t\t\t<div class=\"elementor-element elementor-element-fadabb5 e-flex e-con-boxed e-con e-parent\" data-id=\"fadabb5\" data-element_type=\"container\" data-e-type=\"container\">\n\t\t\t\t\t<div class=\"e-con-inner\">\n\t\t<div class=\"elementor-element elementor-element-649c186 e-con-full e-flex e-con e-child\" data-id=\"649c186\" data-element_type=\"container\" data-e-type=\"container\">\n\t\t\t\t<div class=\"elementor-element elementor-element-24b9096 elementor-widget elementor-widget-spacer\" data-id=\"24b9096\" data-element_type=\"widget\" data-e-type=\"widget\" data-widget_type=\"spacer.default\">\n\t\t\t\t<div class=\"elementor-widget-container\">\n\t\t\t\t\t\t\t<div class=\"elementor-spacer\">\n\t\t\t<div class=\"elementor-spacer-inner\"><\/div>\n\t\t<\/div>\n\t\t\t\t\t\t<\/div>\n\t\t\t\t<\/div>\n\t\t\t\t<div class=\"elementor-element elementor-element-f042ae1 elementor-invisible elementor-widget elementor-widget-heading\" data-id=\"f042ae1\" data-element_type=\"widget\" data-e-type=\"widget\" data-settings=\"{&quot;_animation&quot;:&quot;fadeInLeft&quot;}\" data-widget_type=\"heading.default\">\n\t\t\t\t<div class=\"elementor-widget-container\">\n\t\t\t\t\t<h2 class=\"elementor-heading-title elementor-size-default\">Urkijocar<\/h2>\t\t\t\t<\/div>\n\t\t\t\t<\/div>\n\t\t\t\t<div class=\"elementor-element elementor-element-97aeff0 elementor-invisible elementor-widget elementor-widget-heading\" data-id=\"97aeff0\" data-element_type=\"widget\" data-e-type=\"widget\" data-settings=\"{&quot;_animation&quot;:&quot;fadeInLeft&quot;}\" data-widget_type=\"heading.default\">\n\t\t\t\t<div class=\"elementor-widget-container\">\n\t\t\t\t\t<h2 class=\"elementor-heading-title elementor-size-default\">Zure ibilgailua inork ez bezala zaintzen duen konfiantza tailerra<\/h2>\t\t\t\t<\/div>\n\t\t\t\t<\/div>\n\t\t\t\t<\/div>\n\t\t<div class=\"elementor-element elementor-element-c37e626 e-con-full e-flex e-con e-child\" data-id=\"c37e626\" data-element_type=\"container\" data-e-type=\"container\">\n\t\t\t\t<div class=\"elementor-element elementor-element-b9a8ee7 elementor-widget elementor-widget-image\" data-id=\"b9a8ee7\" data-element_type=\"widget\" data-e-type=\"widget\" data-widget_type=\"image.default\">\n\t\t\t\t<div class=\"elementor-widget-container\">\n\t\t\t\t\t\t\t\t\t\t\t\t\t\t\t<img fetchpriority=\"high\" decoding=\"async\" width=\"800\" height=\"800\" src=\"https:\/\/urkijocar.es\/wp-content\/uploads\/2025\/06\/banner-1024x1024.png\" class=\"attachment-large size-large wp-image-584\" alt=\"\" srcset=\"https:\/\/urkijocar.es\/wp-content\/uploads\/2025\/06\/banner-1024x1024.png 1024w, https:\/\/urkijocar.es\/wp-content\/uploads\/2025\/06\/banner-300x300.png 300w, https:\/\/urkijocar.es\/wp-content\/uploads\/2025\/06\/banner-150x150.png 150w, https:\/\/urkijocar.es\/wp-content\/uploads\/2025\/06\/banner-768x768.png 768w, https:\/\/urkijocar.es\/wp-content\/uploads\/2025\/06\/banner-12x12.png 12w, https:\/\/urkijocar.es\/wp-content\/uploads\/2025\/06\/banner.png 1080w\" sizes=\"(max-width: 800px) 100vw, 800px\" \/>\t\t\t\t\t\t\t\t\t\t\t\t\t\t\t<\/div>\n\t\t\t\t<\/div>\n\t\t\t\t<\/div>\n\t\t\t\t\t<\/div>\n\t\t\t\t<\/div>\n\t\t<div class=\"elementor-element elementor-element-6a63b70 e-flex e-con-boxed e-con e-parent\" data-id=\"6a63b70\" data-element_type=\"container\" data-e-type=\"container\">\n\t\t\t\t\t<div class=\"e-con-inner\">\n\t\t<div class=\"elementor-element elementor-element-9f2ebd2 e-con-full e-flex elementor-invisible e-con e-child\" data-id=\"9f2ebd2\" data-element_type=\"container\" data-e-type=\"container\" data-settings=\"{&quot;animation&quot;:&quot;fadeInDown&quot;}\">\n\t\t\t\t<div class=\"elementor-element elementor-element-2d51341 elementor-widget elementor-widget-gallery\" data-id=\"2d51341\" data-element_type=\"widget\" data-e-type=\"widget\" data-settings=\"{&quot;gallery_layout&quot;:&quot;justified&quot;,&quot;ideal_row_height&quot;:{&quot;unit&quot;:&quot;px&quot;,&quot;size&quot;:205,&quot;sizes&quot;:[]},&quot;gap&quot;:{&quot;unit&quot;:&quot;px&quot;,&quot;size&quot;:14,&quot;sizes&quot;:[]},&quot;lazyload&quot;:&quot;yes&quot;,&quot;ideal_row_height_tablet&quot;:{&quot;unit&quot;:&quot;px&quot;,&quot;size&quot;:150,&quot;sizes&quot;:[]},&quot;ideal_row_height_mobile&quot;:{&quot;unit&quot;:&quot;px&quot;,&quot;size&quot;:150,&quot;sizes&quot;:[]},&quot;gap_tablet&quot;:{&quot;unit&quot;:&quot;px&quot;,&quot;size&quot;:10,&quot;sizes&quot;:[]},&quot;gap_mobile&quot;:{&quot;unit&quot;:&quot;px&quot;,&quot;size&quot;:10,&quot;sizes&quot;:[]},&quot;link_to&quot;:&quot;file&quot;,&quot;overlay_background&quot;:&quot;yes&quot;,&quot;content_hover_animation&quot;:&quot;fade-in&quot;}\" data-widget_type=\"gallery.default\">\n\t\t\t\t<div class=\"elementor-widget-container\">\n\t\t\t\t\t\t\t<div class=\"elementor-gallery__container\">\n\t\t\t\t\t\t\t<a class=\"e-gallery-item elementor-gallery-item elementor-animated-content\" href=\"https:\/\/urkijocar.es\/wp-content\/uploads\/2025\/05\/WhatsApp-Image-2025-05-28-at-13.55.32-1.jpeg\" data-elementor-open-lightbox=\"yes\" data-elementor-lightbox-slideshow=\"2d51341\" data-e-action-hash=\"#elementor-action%3Aaction%3Dlightbox%26settings%3DeyJpZCI6MzkzLCJ1cmwiOiJodHRwczpcL1wvdXJraWpvY2FyLmVzXC93cC1jb250ZW50XC91cGxvYWRzXC8yMDI1XC8wNVwvV2hhdHNBcHAtSW1hZ2UtMjAyNS0wNS0yOC1hdC0xMy41NS4zMi0xLmpwZWciLCJzbGlkZXNob3ciOiIyZDUxMzQxIn0%3D\">\n\t\t\t\t\t<div class=\"e-gallery-image elementor-gallery-item__image\" data-thumbnail=\"https:\/\/urkijocar.es\/wp-content\/uploads\/2025\/05\/WhatsApp-Image-2025-05-28-at-13.55.32-1.jpeg\" data-width=\"1536\" data-height=\"1536\" aria-label=\"\" role=\"img\" ><\/div>\n\t\t\t\t\t\t\t\t\t\t\t<div class=\"elementor-gallery-item__overlay\"><\/div>\n\t\t\t\t\t\t\t\t\t\t\t\t\t\t<\/a>\n\t\t\t\t\t\t\t<a class=\"e-gallery-item elementor-gallery-item elementor-animated-content\" href=\"https:\/\/urkijocar.es\/wp-content\/uploads\/2025\/05\/WhatsApp-Image-2025-05-28-at-13.55.32-2.jpeg\" data-elementor-open-lightbox=\"yes\" data-elementor-lightbox-slideshow=\"2d51341\" data-e-action-hash=\"#elementor-action%3Aaction%3Dlightbox%26settings%3DeyJpZCI6Mzk0LCJ1cmwiOiJodHRwczpcL1wvdXJraWpvY2FyLmVzXC93cC1jb250ZW50XC91cGxvYWRzXC8yMDI1XC8wNVwvV2hhdHNBcHAtSW1hZ2UtMjAyNS0wNS0yOC1hdC0xMy41NS4zMi0yLmpwZWciLCJzbGlkZXNob3ciOiIyZDUxMzQxIn0%3D\">\n\t\t\t\t\t<div class=\"e-gallery-image elementor-gallery-item__image\" data-thumbnail=\"https:\/\/urkijocar.es\/wp-content\/uploads\/2025\/05\/WhatsApp-Image-2025-05-28-at-13.55.32-2.jpeg\" data-width=\"1536\" data-height=\"1536\" aria-label=\"\" role=\"img\" ><\/div>\n\t\t\t\t\t\t\t\t\t\t\t<div class=\"elementor-gallery-item__overlay\"><\/div>\n\t\t\t\t\t\t\t\t\t\t\t\t\t\t<\/a>\n\t\t\t\t\t\t\t<a class=\"e-gallery-item elementor-gallery-item elementor-animated-content\" href=\"https:\/\/urkijocar.es\/wp-content\/uploads\/2025\/05\/WhatsApp-Image-2025-05-28-at-13.55.33.jpeg\" data-elementor-open-lightbox=\"yes\" data-elementor-lightbox-slideshow=\"2d51341\" data-e-action-hash=\"#elementor-action%3Aaction%3Dlightbox%26settings%3DeyJpZCI6Mzk1LCJ1cmwiOiJodHRwczpcL1wvdXJraWpvY2FyLmVzXC93cC1jb250ZW50XC91cGxvYWRzXC8yMDI1XC8wNVwvV2hhdHNBcHAtSW1hZ2UtMjAyNS0wNS0yOC1hdC0xMy41NS4zMy5qcGVnIiwic2xpZGVzaG93IjoiMmQ1MTM0MSJ9\">\n\t\t\t\t\t<div class=\"e-gallery-image elementor-gallery-item__image\" data-thumbnail=\"https:\/\/urkijocar.es\/wp-content\/uploads\/2025\/05\/WhatsApp-Image-2025-05-28-at-13.55.33.jpeg\" data-width=\"1536\" data-height=\"1536\" aria-label=\"\" role=\"img\" ><\/div>\n\t\t\t\t\t\t\t\t\t\t\t<div class=\"elementor-gallery-item__overlay\"><\/div>\n\t\t\t\t\t\t\t\t\t\t\t\t\t\t<\/a>\n\t\t\t\t\t<\/div>\n\t\t\t\t\t<\/div>\n\t\t\t\t<\/div>\n\t\t\t\t<\/div>\n\t\t<div class=\"elementor-element elementor-element-6b8c23b e-con-full e-flex elementor-invisible e-con e-child\" data-id=\"6b8c23b\" data-element_type=\"container\" data-e-type=\"container\" data-settings=\"{&quot;animation&quot;:&quot;fadeInDown&quot;}\">\n\t\t\t\t<div class=\"elementor-element elementor-element-56a30c2 elementor-widget elementor-widget-heading\" data-id=\"56a30c2\" data-element_type=\"widget\" data-e-type=\"widget\" data-widget_type=\"heading.default\">\n\t\t\t\t<div class=\"elementor-widget-container\">\n\t\t\t\t\t<h2 class=\"elementor-heading-title elementor-size-default\">Guri buruz<\/h2>\t\t\t\t<\/div>\n\t\t\t\t<\/div>\n\t\t\t\t<div class=\"elementor-element elementor-element-f4665f9 elementor-widget elementor-widget-text-editor\" data-id=\"f4665f9\" data-element_type=\"widget\" data-e-type=\"widget\" data-widget_type=\"text-editor.default\">\n\t\t\t\t<div class=\"elementor-widget-container\">\n\t\t\t\t\t\t\t\t\t<p data-start=\"233\" data-end=\"415\">2004an sortu zenetik, Urkijocar konfiantzazko tailer mekaniko gisa finkatu da inguruan, eta ibilgailuak zaintzeko eta mantentzeko zerbitzu integrala eskaini du.<\/p><p data-start=\"417\" data-end=\"740\">25 urte baino gehiagoko esperientziarekin, Urkijocarren mekanika orokorrean, automobilaren elektrizitate eta elektronikan, pneumatikoen zerbitzu osoan eta beirak jartzean espezializatu ginen, bezero bakoitzari konpromisoz, profesionaltasunez eta hurbiltasunez arreta emanez.<\/p><p data-start=\"742\" data-end=\"1013\"><strong>Gure filosofia argia da, irtenbide eraginkorrak, azkarrak eta seguruak ematea, betiere arreta pertsonalizatuarekin.<\/strong><\/p>\t\t\t\t\t\t\t\t<\/div>\n\t\t\t\t<\/div>\n\t\t\t\t<\/div>\n\t\t\t\t\t<\/div>\n\t\t\t\t<\/div>\n\t\t<div class=\"elementor-element elementor-element-aadcf07 e-con-full e-flex e-con e-parent\" data-id=\"aadcf07\" data-element_type=\"container\" data-e-type=\"container\">\n\t\t\t\t<div class=\"elementor-element elementor-element-83bd7af elementor-cta--skin-cover elementor-bg-transform elementor-bg-transform-zoom-out elementor-animated-content elementor-widget elementor-widget-call-to-action\" data-id=\"83bd7af\" data-element_type=\"widget\" data-e-type=\"widget\" data-widget_type=\"call-to-action.default\">\n\t\t\t\t<div class=\"elementor-widget-container\">\n\t\t\t\t\t\t\t<div class=\"elementor-cta\">\n\t\t\t\t\t<div class=\"elementor-cta__bg-wrapper\">\n\t\t\t\t<div class=\"elementor-cta__bg elementor-bg\" style=\"background-image: url(https:\/\/urkijocar.es\/wp-content\/uploads\/2025\/05\/WhatsApp-Image-2025-05-28-at-13.55.32.jpeg);\" role=\"img\" aria-label=\"\"><\/div>\n\t\t\t\t<div class=\"elementor-cta__bg-overlay\"><\/div>\n\t\t\t<\/div>\n\t\t\t\t\t\t\t<div class=\"elementor-cta__content\">\n\t\t\t\t\n\t\t\t\t\t\t\t\t\t<h2 class=\"elementor-cta__title elementor-cta__content-item elementor-content-item elementor-animated-item--grow\">\n\t\t\t\t\t\tBegira nola lagundu zaitzakegun!\t\t\t\t\t<\/h2>\n\t\t\t\t\n\t\t\t\t\t\t\t\t\t<h1 class=\"elementor-cta__description elementor-cta__content-item elementor-content-item elementor-animated-item--grow\">\n\t\t\t\t\t\tZure autoak zaintzarik onena merezi du\t\t\t\t\t<\/h1>\n\t\t\t\t\n\t\t\t\t\t\t\t\t\t<div class=\"elementor-cta__button-wrapper elementor-cta__content-item elementor-content-item elementor-animated-item--grow\">\n\t\t\t\t\t<a class=\"elementor-cta__button elementor-button elementor-size-\" href=\"https:\/\/urkijocar.es\/index.php\/servicios-2\/\">\n\t\t\t\t\t\tIkusi zerbitzuak\t\t\t\t\t<\/a>\n\t\t\t\t\t<\/div>\n\t\t\t\t\t\t\t<\/div>\n\t\t\t\t\t\t<\/div>\n\t\t\t\t\t\t<\/div>\n\t\t\t\t<\/div>\n\t\t\t\t<\/div>\n\t\t\t\t<\/div>","protected":false},"excerpt":{"rendered":"<p>Urkijocar El taller de confianza que cuida tu veh\u00edculo como nadie Sobre nosotros Desde su fundaci\u00f3n en 2004, Urkijocar se ha consolidado como un taller mec\u00e1nico de confianza en la zona, ofreciendo un servicio integral para el cuidado y mantenimiento de veh\u00edculos. Con m\u00e1s de 25 a\u00f1os de experiencia, en Urkijocar nos especializamos en mec\u00e1nica [&hellip;]<\/p>\n","protected":false},"author":1,"featured_media":0,"parent":0,"menu_order":0,"comment_status":"closed","ping_status":"closed","template":"","meta":{"footnotes":""},"class_list":["post-9","page","type-page","status-publish","hentry"],"yoast_head":"<!-- This site is optimized with the Yoast SEO plugin v27.3 - https:\/\/yoast.com\/product\/yoast-seo-wordpress\/ -->\n<title>Inicio - Urkijocar<\/title>\n<meta name=\"robots\" content=\"index, follow, max-snippet:-1, max-image-preview:large, max-video-preview:-1\" \/>\n<link rel=\"canonical\" href=\"https:\/\/urkijocar.es\/eu\/\" \/>\n<meta property=\"og:locale\" content=\"en_US\" \/>\n<meta property=\"og:type\" content=\"article\" \/>\n<meta property=\"og:title\" content=\"Inicio - Urkijocar\" \/>\n<meta property=\"og:description\" content=\"Urkijocar El taller de confianza que cuida tu veh\u00edculo como nadie Sobre nosotros Desde su fundaci\u00f3n en 2004, Urkijocar se ha consolidado como un taller mec\u00e1nico de confianza en la zona, ofreciendo un servicio integral para el cuidado y mantenimiento de veh\u00edculos. Con m\u00e1s de 25 a\u00f1os de experiencia, en Urkijocar nos especializamos en mec\u00e1nica [&hellip;]\" \/>\n<meta property=\"og:url\" content=\"https:\/\/urkijocar.es\/eu\/\" \/>\n<meta property=\"og:site_name\" content=\"Urkijocar\" \/>\n<meta property=\"article:modified_time\" content=\"2025-06-05T08:29:24+00:00\" \/>\n<meta property=\"og:image\" content=\"https:\/\/urkijocar.es\/wp-content\/uploads\/2025\/06\/banner-1024x1024.png\" \/>\n<meta name=\"twitter:card\" content=\"summary_large_image\" \/>\n<meta name=\"twitter:label1\" content=\"Est. reading time\" \/>\n\t<meta name=\"twitter:data1\" content=\"1 minutua\" \/>\n<script type=\"application\/ld+json\" class=\"yoast-schema-graph\">{\"@context\":\"https:\\\/\\\/schema.org\",\"@graph\":[{\"@type\":\"WebPage\",\"@id\":\"https:\\\/\\\/urkijocar.es\\\/\",\"url\":\"https:\\\/\\\/urkijocar.es\\\/\",\"name\":\"Inicio - Urkijocar\",\"isPartOf\":{\"@id\":\"https:\\\/\\\/urkijocar.es\\\/#website\"},\"primaryImageOfPage\":{\"@id\":\"https:\\\/\\\/urkijocar.es\\\/#primaryimage\"},\"image\":{\"@id\":\"https:\\\/\\\/urkijocar.es\\\/#primaryimage\"},\"thumbnailUrl\":\"https:\\\/\\\/urkijocar.es\\\/wp-content\\\/uploads\\\/2025\\\/06\\\/banner-1024x1024.png\",\"datePublished\":\"2025-05-23T10:23:38+00:00\",\"dateModified\":\"2025-06-05T08:29:24+00:00\",\"breadcrumb\":{\"@id\":\"https:\\\/\\\/urkijocar.es\\\/#breadcrumb\"},\"inLanguage\":\"eu\",\"potentialAction\":[{\"@type\":\"ReadAction\",\"target\":[\"https:\\\/\\\/urkijocar.es\\\/\"]}]},{\"@type\":\"ImageObject\",\"inLanguage\":\"eu\",\"@id\":\"https:\\\/\\\/urkijocar.es\\\/#primaryimage\",\"url\":\"https:\\\/\\\/urkijocar.es\\\/wp-content\\\/uploads\\\/2025\\\/06\\\/banner-1024x1024.png\",\"contentUrl\":\"https:\\\/\\\/urkijocar.es\\\/wp-content\\\/uploads\\\/2025\\\/06\\\/banner-1024x1024.png\"},{\"@type\":\"BreadcrumbList\",\"@id\":\"https:\\\/\\\/urkijocar.es\\\/#breadcrumb\",\"itemListElement\":[{\"@type\":\"ListItem\",\"position\":1,\"name\":\"Portada\",\"item\":\"https:\\\/\\\/urkijocar.es\\\/\"},{\"@type\":\"ListItem\",\"position\":2,\"name\":\"Inicio\"}]},{\"@type\":\"WebSite\",\"@id\":\"https:\\\/\\\/urkijocar.es\\\/#website\",\"url\":\"https:\\\/\\\/urkijocar.es\\\/\",\"name\":\"Urkijocar\",\"description\":\"Taller mec\u00e1nico  general desde 2004.\",\"publisher\":{\"@id\":\"https:\\\/\\\/urkijocar.es\\\/#organization\"},\"potentialAction\":[{\"@type\":\"SearchAction\",\"target\":{\"@type\":\"EntryPoint\",\"urlTemplate\":\"https:\\\/\\\/urkijocar.es\\\/?s={search_term_string}\"},\"query-input\":{\"@type\":\"PropertyValueSpecification\",\"valueRequired\":true,\"valueName\":\"search_term_string\"}}],\"inLanguage\":\"eu\"},{\"@type\":\"Organization\",\"@id\":\"https:\\\/\\\/urkijocar.es\\\/#organization\",\"name\":\"Urkijocar\",\"url\":\"https:\\\/\\\/urkijocar.es\\\/\",\"logo\":{\"@type\":\"ImageObject\",\"inLanguage\":\"eu\",\"@id\":\"https:\\\/\\\/urkijocar.es\\\/#\\\/schema\\\/logo\\\/image\\\/\",\"url\":\"https:\\\/\\\/urkijocar.es\\\/wp-content\\\/uploads\\\/2025\\\/05\\\/cropped-Logo-Urkijocar-01.png\",\"contentUrl\":\"https:\\\/\\\/urkijocar.es\\\/wp-content\\\/uploads\\\/2025\\\/05\\\/cropped-Logo-Urkijocar-01.png\",\"width\":1919,\"height\":1080,\"caption\":\"Urkijocar\"},\"image\":{\"@id\":\"https:\\\/\\\/urkijocar.es\\\/#\\\/schema\\\/logo\\\/image\\\/\"}}]}<\/script>\n<!-- \/ Yoast SEO plugin. -->","yoast_head_json":{"title":"Inicio - Urkijocar","robots":{"index":"index","follow":"follow","max-snippet":"max-snippet:-1","max-image-preview":"max-image-preview:large","max-video-preview":"max-video-preview:-1"},"canonical":"https:\/\/urkijocar.es\/eu\/","og_locale":"en_US","og_type":"article","og_title":"Inicio - Urkijocar","og_description":"Urkijocar El taller de confianza que cuida tu veh\u00edculo como nadie Sobre nosotros Desde su fundaci\u00f3n en 2004, Urkijocar se ha consolidado como un taller mec\u00e1nico de confianza en la zona, ofreciendo un servicio integral para el cuidado y mantenimiento de veh\u00edculos. Con m\u00e1s de 25 a\u00f1os de experiencia, en Urkijocar nos especializamos en mec\u00e1nica [&hellip;]","og_url":"https:\/\/urkijocar.es\/eu\/","og_site_name":"Urkijocar","article_modified_time":"2025-06-05T08:29:24+00:00","og_image":[{"url":"https:\/\/urkijocar.es\/wp-content\/uploads\/2025\/06\/banner-1024x1024.png","type":"","width":"","height":""}],"twitter_card":"summary_large_image","twitter_misc":{"Est. reading time":"1 minutua"},"schema":{"@context":"https:\/\/schema.org","@graph":[{"@type":"WebPage","@id":"https:\/\/urkijocar.es\/","url":"https:\/\/urkijocar.es\/","name":"Inicio - Urkijocar","isPartOf":{"@id":"https:\/\/urkijocar.es\/#website"},"primaryImageOfPage":{"@id":"https:\/\/urkijocar.es\/#primaryimage"},"image":{"@id":"https:\/\/urkijocar.es\/#primaryimage"},"thumbnailUrl":"https:\/\/urkijocar.es\/wp-content\/uploads\/2025\/06\/banner-1024x1024.png","datePublished":"2025-05-23T10:23:38+00:00","dateModified":"2025-06-05T08:29:24+00:00","breadcrumb":{"@id":"https:\/\/urkijocar.es\/#breadcrumb"},"inLanguage":"eu","potentialAction":[{"@type":"ReadAction","target":["https:\/\/urkijocar.es\/"]}]},{"@type":"ImageObject","inLanguage":"eu","@id":"https:\/\/urkijocar.es\/#primaryimage","url":"https:\/\/urkijocar.es\/wp-content\/uploads\/2025\/06\/banner-1024x1024.png","contentUrl":"https:\/\/urkijocar.es\/wp-content\/uploads\/2025\/06\/banner-1024x1024.png"},{"@type":"BreadcrumbList","@id":"https:\/\/urkijocar.es\/#breadcrumb","itemListElement":[{"@type":"ListItem","position":1,"name":"Portada","item":"https:\/\/urkijocar.es\/"},{"@type":"ListItem","position":2,"name":"Inicio"}]},{"@type":"WebSite","@id":"https:\/\/urkijocar.es\/#website","url":"https:\/\/urkijocar.es\/","name":"Urkijocar","description":"Taller mec\u00e1nico  general desde 2004.","publisher":{"@id":"https:\/\/urkijocar.es\/#organization"},"potentialAction":[{"@type":"SearchAction","target":{"@type":"EntryPoint","urlTemplate":"https:\/\/urkijocar.es\/?s={search_term_string}"},"query-input":{"@type":"PropertyValueSpecification","valueRequired":true,"valueName":"search_term_string"}}],"inLanguage":"eu"},{"@type":"Organization","@id":"https:\/\/urkijocar.es\/#organization","name":"Urkijocar","url":"https:\/\/urkijocar.es\/","logo":{"@type":"ImageObject","inLanguage":"eu","@id":"https:\/\/urkijocar.es\/#\/schema\/logo\/image\/","url":"https:\/\/urkijocar.es\/wp-content\/uploads\/2025\/05\/cropped-Logo-Urkijocar-01.png","contentUrl":"https:\/\/urkijocar.es\/wp-content\/uploads\/2025\/05\/cropped-Logo-Urkijocar-01.png","width":1919,"height":1080,"caption":"Urkijocar"},"image":{"@id":"https:\/\/urkijocar.es\/#\/schema\/logo\/image\/"}}]}},"_links":{"self":[{"href":"https:\/\/urkijocar.es\/eu\/wp-json\/wp\/v2\/pages\/9","targetHints":{"allow":["GET"]}}],"collection":[{"href":"https:\/\/urkijocar.es\/eu\/wp-json\/wp\/v2\/pages"}],"about":[{"href":"https:\/\/urkijocar.es\/eu\/wp-json\/wp\/v2\/types\/page"}],"author":[{"embeddable":true,"href":"https:\/\/urkijocar.es\/eu\/wp-json\/wp\/v2\/users\/1"}],"replies":[{"embeddable":true,"href":"https:\/\/urkijocar.es\/eu\/wp-json\/wp\/v2\/comments?post=9"}],"version-history":[{"count":145,"href":"https:\/\/urkijocar.es\/eu\/wp-json\/wp\/v2\/pages\/9\/revisions"}],"predecessor-version":[{"id":611,"href":"https:\/\/urkijocar.es\/eu\/wp-json\/wp\/v2\/pages\/9\/revisions\/611"}],"wp:attachment":[{"href":"https:\/\/urkijocar.es\/eu\/wp-json\/wp\/v2\/media?parent=9"}],"curies":[{"name":"wp","href":"https:\/\/api.w.org\/{rel}","templated":true}]}}